{"id":10,"date":"2023-09-17T18:48:22","date_gmt":"2023-09-17T18:48:22","guid":{"rendered":"https:\/\/grottu.pt\/?page_id=10"},"modified":"2026-03-22T06:51:12","modified_gmt":"2026-03-22T06:51:12","slug":"pagina-inicial","status":"publish","type":"page","link":"https:\/\/grottu.pt\/en\/","title":{"rendered":"P\u00e1gina Inicial"},"content":{"rendered":"\t\t<div data-elementor-type=\"wp-page\" data-elementor-id=\"10\" class=\"elementor elementor-10\">\n\t\t\t\t<div class=\"elementor-element elementor-element-a9c4966 e-flex e-con-boxed e-con e-parent\" data-id=\"a9c4966\" data-element_type=\"container\" data-e-type=\"container\" data-settings=\"{&quot;background_background&quot;:&quot;video&quot;,&quot;background_video_link&quot;:&quot;https:\\\/\\\/grottu.pt\\\/wp-content\\\/uploads\\\/2025\\\/12\\\/banner.mp4&quot;,&quot;background_play_on_mobile&quot;:&quot;yes&quot;}\">\n\t\t\t\t\t<div class=\"e-con-inner\">\n\t\t<div class=\"elementor-background-video-container\">\n\t\t\t\t\t\t\t<video class=\"elementor-background-video-hosted\" role=\"presentation\" autoplay muted playsinline loop><\/video>\n\t\t\t\t\t<\/div>\t\t<div class=\"elementor-element elementor-element-b1837b6 elementor-widget-mobile__width-initial elementor-widget elementor-widget-shortcode\" data-id=\"b1837b6\" data-element_type=\"widget\" data-e-type=\"widget\" data-widget_type=\"shortcode.default\">\n\t\t\t\t<div class=\"elementor-widget-container\">\n\t\t\t\t\t\t\t<div class=\"elementor-shortcode\"><a href=\"https:\/\/grottu.pt\/en\"><img decoding=\"async\" src=\"https:\/\/grottu.pt\/wp-content\/uploads\/logo-white.svg\" width=\"500px\"><\/a><\/div>\n\t\t\t\t\t\t<\/div>\n\t\t\t\t<\/div>\n\t\t\t\t\t<\/div>\n\t\t\t\t<\/div>\n\t\t<div class=\"elementor-element elementor-element-b60ea3e e-flex e-con-boxed e-con e-parent\" data-id=\"b60ea3e\" data-element_type=\"container\" data-e-type=\"container\">\n\t\t\t\t\t<div class=\"e-con-inner\">\n\t\t\t\t<div class=\"elementor-element elementor-element-17cceac elementor-widget elementor-widget-heading\" data-id=\"17cceac\" data-element_type=\"widget\" data-e-type=\"widget\" data-widget_type=\"heading.default\">\n\t\t\t\t<div class=\"elementor-widget-container\">\n\t\t\t\t\t<h2 class=\"elementor-heading-title elementor-size-default\">A CAVE OF FLAVORS<\/h2>\t\t\t\t<\/div>\n\t\t\t\t<\/div>\n\t\t\t\t<div class=\"elementor-element elementor-element-d272086 elementor-widget elementor-widget-text-editor\" data-id=\"d272086\" data-element_type=\"widget\" data-e-type=\"widget\" data-widget_type=\"text-editor.default\">\n\t\t\t\t<div class=\"elementor-widget-container\">\n\t\t\t\t\t\t\t\t\t<p>Numa gruta com anjos, o <span style=\"font-weight: 500; color: #f15a29;\">GROTTU<\/span> nasce no cora\u00e7\u00e3o do Porto, um ref\u00fagio entre pedra e fogo, onde diferentes culturas se cruzam sem hierarquia nem fronteiras.<\/p><p>Esculpido pela mem\u00f3ria e pela viagem, este \u00e9 um espa\u00e7o moldado por influ\u00eancias do mundo inteiro, onde o gesto humano transforma a mat\u00e9ria em emo\u00e7\u00e3o.<\/p><p>Mais do que um restaurante, o <span style=\"font-weight: 500; color: #f15a29;\">GROTTU<\/span> \u00e9 uma experi\u00eancia em constante transforma\u00e7\u00e3o. Uma viagem sensorial que atravessa geografias, refer\u00eancias e estados de esp\u00edrito.<\/p><p>No <span style=\"font-weight: 500; color: #f15a29;\">GROTTU<\/span>, cozinhar \u00e9 um ato de alma. O fogo, o som e o espa\u00e7o encontram-se de forma natural, e a simplicidade revela-se na fus\u00e3o de tudo o que aqui converge.<br \/>Entre culturas, ritmos e sabores, n\u00e3o existe um conceito fechado.<\/p><p>Uma experi\u00eancia que come\u00e7a na terra e termina na mem\u00f3ria.<\/p><p><br \/><br \/><\/p>\t\t\t\t\t\t\t\t<\/div>\n\t\t\t\t<\/div>\n\t\t\t\t<div class=\"elementor-element elementor-element-1431438 elementor-widget elementor-widget-heading\" data-id=\"1431438\" data-element_type=\"widget\" data-e-type=\"widget\" data-widget_type=\"heading.default\">\n\t\t\t\t<div class=\"elementor-widget-container\">\n\t\t\t\t\t<h2 class=\"elementor-heading-title elementor-size-default\">UMA EXPERI\u00caNCIA QUE COME\u00c7A NA TERRA E  TERMINA NA MEM\u00d3RIA.<\/h2>\t\t\t\t<\/div>\n\t\t\t\t<\/div>\n\t\t\t\t\t<\/div>\n\t\t\t\t<\/div>\n\t\t<div class=\"elementor-element elementor-element-de4092b e-con-full e-flex e-con e-parent\" data-id=\"de4092b\" data-element_type=\"container\" data-e-type=\"container\">\n\t\t\t\t<div class=\"elementor-element elementor-element-3c9e28f elementor-widget elementor-widget-image-carousel\" data-id=\"3c9e28f\" data-element_type=\"widget\" data-e-type=\"widget\" data-settings=\"{&quot;navigation&quot;:&quot;none&quot;,&quot;autoplay_speed&quot;:2000,&quot;speed&quot;:1000,&quot;autoplay&quot;:&quot;yes&quot;,&quot;pause_on_interaction&quot;:&quot;yes&quot;,&quot;infinite&quot;:&quot;yes&quot;}\" data-widget_type=\"image-carousel.default\">\n\t\t\t\t<div class=\"elementor-widget-container\">\n\t\t\t\t\t\t\t<div class=\"elementor-image-carousel-wrapper swiper\" role=\"region\" aria-roledescription=\"carousel\" aria-label=\"Carrossel de imagens\" dir=\"ltr\">\n\t\t\t<div class=\"elementor-image-carousel swiper-wrapper\" aria-live=\"off\">\n\t\t\t\t\t\t\t\t<div class=\"swiper-slide\" role=\"group\" aria-roledescription=\"slide\" aria-label=\"1 of 4\"><a data-elementor-open-lightbox=\"yes\" data-elementor-lightbox-slideshow=\"3c9e28f\" data-elementor-lightbox-title=\"slide1\" data-e-action-hash=\"#elementor-action%3Aaction%3Dlightbox%26settings%3DeyJpZCI6NTE2LCJ1cmwiOiJodHRwczpcL1wvZ3JvdHR1LnB0XC93cC1jb250ZW50XC91cGxvYWRzXC8yMDI1XC8xMlwvc2xpZGUxLndlYnAiLCJzbGlkZXNob3ciOiIzYzllMjhmIn0%3D\" href=\"https:\/\/grottu.pt\/wp-content\/uploads\/2025\/12\/slide1.webp\"><figure class=\"swiper-slide-inner\"><img decoding=\"async\" class=\"swiper-slide-image\" src=\"https:\/\/grottu.pt\/wp-content\/uploads\/2025\/12\/slide1.webp\" alt=\"slide1\" \/><\/figure><\/a><\/div><div class=\"swiper-slide\" role=\"group\" aria-roledescription=\"slide\" aria-label=\"2 of 4\"><a data-elementor-open-lightbox=\"yes\" data-elementor-lightbox-slideshow=\"3c9e28f\" data-elementor-lightbox-title=\"slide2\" data-e-action-hash=\"#elementor-action%3Aaction%3Dlightbox%26settings%3DeyJpZCI6NTE3LCJ1cmwiOiJodHRwczpcL1wvZ3JvdHR1LnB0XC93cC1jb250ZW50XC91cGxvYWRzXC8yMDI1XC8xMlwvc2xpZGUyLndlYnAiLCJzbGlkZXNob3ciOiIzYzllMjhmIn0%3D\" href=\"https:\/\/grottu.pt\/wp-content\/uploads\/2025\/12\/slide2.webp\"><figure class=\"swiper-slide-inner\"><img decoding=\"async\" class=\"swiper-slide-image\" src=\"https:\/\/grottu.pt\/wp-content\/uploads\/2025\/12\/slide2.webp\" alt=\"slide2\" \/><\/figure><\/a><\/div><div class=\"swiper-slide\" role=\"group\" aria-roledescription=\"slide\" aria-label=\"3 of 4\"><a data-elementor-open-lightbox=\"yes\" data-elementor-lightbox-slideshow=\"3c9e28f\" data-elementor-lightbox-title=\"slide3\" data-e-action-hash=\"#elementor-action%3Aaction%3Dlightbox%26settings%3DeyJpZCI6NTE4LCJ1cmwiOiJodHRwczpcL1wvZ3JvdHR1LnB0XC93cC1jb250ZW50XC91cGxvYWRzXC8yMDI1XC8xMlwvc2xpZGUzLndlYnAiLCJzbGlkZXNob3ciOiIzYzllMjhmIn0%3D\" href=\"https:\/\/grottu.pt\/wp-content\/uploads\/2025\/12\/slide3.webp\"><figure class=\"swiper-slide-inner\"><img decoding=\"async\" class=\"swiper-slide-image\" src=\"https:\/\/grottu.pt\/wp-content\/uploads\/2025\/12\/slide3.webp\" alt=\"slide3\" \/><\/figure><\/a><\/div><div class=\"swiper-slide\" role=\"group\" aria-roledescription=\"slide\" aria-label=\"4 of 4\"><a data-elementor-open-lightbox=\"yes\" data-elementor-lightbox-slideshow=\"3c9e28f\" data-elementor-lightbox-title=\"slide4\" data-e-action-hash=\"#elementor-action%3Aaction%3Dlightbox%26settings%3DeyJpZCI6NTE5LCJ1cmwiOiJodHRwczpcL1wvZ3JvdHR1LnB0XC93cC1jb250ZW50XC91cGxvYWRzXC8yMDI1XC8xMlwvc2xpZGU0LndlYnAiLCJzbGlkZXNob3ciOiIzYzllMjhmIn0%3D\" href=\"https:\/\/grottu.pt\/wp-content\/uploads\/2025\/12\/slide4.webp\"><figure class=\"swiper-slide-inner\"><img decoding=\"async\" class=\"swiper-slide-image\" src=\"https:\/\/grottu.pt\/wp-content\/uploads\/2025\/12\/slide4.webp\" alt=\"slide4\" \/><\/figure><\/a><\/div>\t\t\t<\/div>\n\t\t\t\t\t\t\t\n\t\t\t\t\t\t\t\t\t<\/div>\n\t\t\t\t\t\t<\/div>\n\t\t\t\t<\/div>\n\t\t\t\t<\/div>\n\t\t<div class=\"elementor-element elementor-element-7183357 e-flex e-con-boxed e-con e-parent\" data-id=\"7183357\" data-element_type=\"container\" data-e-type=\"container\">\n\t\t\t\t\t<div class=\"e-con-inner\">\n\t\t\t\t<div class=\"elementor-element elementor-element-22ea480 elementor-widget elementor-widget-heading\" data-id=\"22ea480\" data-element_type=\"widget\" data-e-type=\"widget\" data-widget_type=\"heading.default\">\n\t\t\t\t<div class=\"elementor-widget-container\">\n\t\t\t\t\t<h2 class=\"elementor-heading-title elementor-size-default\">CONSULTE O NOSSO MENU<\/h2>\t\t\t\t<\/div>\n\t\t\t\t<\/div>\n\t\t\t\t<div class=\"elementor-element elementor-element-8a75464 elementor-widget__width-initial elementor-widget elementor-widget-image\" data-id=\"8a75464\" data-element_type=\"widget\" data-e-type=\"widget\" id=\"imgmenu\" data-widget_type=\"image.default\">\n\t\t\t\t<div class=\"elementor-widget-container\">\n\t\t\t\t\t\t\t\t\t\t\t\t\t\t\t\t<a href=\"https:\/\/grottu.pt\/menu_grottu.pdf\" target=\"_blank\">\n\t\t\t\t\t\t\t<img decoding=\"async\" width=\"100\" height=\"100\" src=\"https:\/\/grottu.pt\/wp-content\/uploads\/2025\/12\/menu.svg\" class=\"attachment-full size-full wp-image-426\" alt=\"\" \/>\t\t\t\t\t\t\t\t<\/a>\n\t\t\t\t\t\t\t\t\t\t\t\t\t\t\t<\/div>\n\t\t\t\t<\/div>\n\t\t\t\t<div class=\"elementor-element elementor-element-1f3068a elementor-align-center elementor-widget elementor-widget-button\" data-id=\"1f3068a\" data-element_type=\"widget\" data-e-type=\"widget\" data-widget_type=\"button.default\">\n\t\t\t\t<div class=\"elementor-widget-container\">\n\t\t\t\t\t\t\t\t\t<div class=\"elementor-button-wrapper\">\n\t\t\t\t\t<a class=\"elementor-button elementor-button-link elementor-size-sm\" href=\"https:\/\/grottu.pt\/menu_grottu.pdf\">\n\t\t\t\t\t\t<span class=\"elementor-button-content-wrapper\">\n\t\t\t\t\t\t\t\t\t<span class=\"elementor-button-text\">Ver menu<\/span>\n\t\t\t\t\t<\/span>\n\t\t\t\t\t<\/a>\n\t\t\t\t<\/div>\n\t\t\t\t\t\t\t\t<\/div>\n\t\t\t\t<\/div>\n\t\t\t\t<div class=\"elementor-element elementor-element-b5adf4c elementor-widget elementor-widget-heading\" data-id=\"b5adf4c\" data-element_type=\"widget\" data-e-type=\"widget\" data-widget_type=\"heading.default\">\n\t\t\t\t<div class=\"elementor-widget-container\">\n\t\t\t\t\t<h2 class=\"elementor-heading-title elementor-size-default\">UMA EXPERI\u00caNCIA GASTRON\u00d3MICA EXCEPCIONAL NO GROTTU<\/h2>\t\t\t\t<\/div>\n\t\t\t\t<\/div>\n\t\t\t\t\t<\/div>\n\t\t\t\t<\/div>\n\t\t<div class=\"elementor-element elementor-element-676cd45 e-con-full e-flex e-con e-parent\" data-id=\"676cd45\" data-element_type=\"container\" data-e-type=\"container\" data-settings=\"{&quot;background_background&quot;:&quot;classic&quot;}\">\n\t\t\t\t<\/div>\n\t\t<div class=\"elementor-element elementor-element-bee4c21 e-flex e-con-boxed e-con e-parent\" data-id=\"bee4c21\" data-element_type=\"container\" data-e-type=\"container\">\n\t\t\t\t\t<div class=\"e-con-inner\">\n\t\t\t\t<div class=\"elementor-element elementor-element-950af08 elementor-widget elementor-widget-image\" data-id=\"950af08\" data-element_type=\"widget\" data-e-type=\"widget\" data-widget_type=\"image.default\">\n\t\t\t\t<div class=\"elementor-widget-container\">\n\t\t\t\t\t\t\t\t\t\t\t\t\t\t\t<img fetchpriority=\"high\" decoding=\"async\" width=\"800\" height=\"333\" src=\"https:\/\/grottu.pt\/wp-content\/uploads\/2025\/12\/anjo-1024x426.webp\" class=\"attachment-large size-large wp-image-447\" alt=\"\" srcset=\"https:\/\/grottu.pt\/wp-content\/uploads\/2025\/12\/anjo-1024x426.webp 1024w, https:\/\/grottu.pt\/wp-content\/uploads\/2025\/12\/anjo-300x125.webp 300w, https:\/\/grottu.pt\/wp-content\/uploads\/2025\/12\/anjo-768x319.webp 768w, https:\/\/grottu.pt\/wp-content\/uploads\/2025\/12\/anjo-18x7.webp 18w, https:\/\/grottu.pt\/wp-content\/uploads\/2025\/12\/anjo.webp 1208w\" sizes=\"(max-width: 800px) 100vw, 800px\" \/>\t\t\t\t\t\t\t\t\t\t\t\t\t\t\t<\/div>\n\t\t\t\t<\/div>\n\t\t\t\t<div class=\"elementor-element elementor-element-b790fb6 elementor-widget elementor-widget-heading\" data-id=\"b790fb6\" data-element_type=\"widget\" data-e-type=\"widget\" data-widget_type=\"heading.default\">\n\t\t\t\t<div class=\"elementor-widget-container\">\n\t\t\t\t\t<h2 class=\"elementor-heading-title elementor-size-default\">DOMINGO A QUINTA<\/h2>\t\t\t\t<\/div>\n\t\t\t\t<\/div>\n\t\t\t\t<div class=\"elementor-element elementor-element-6e1f3f2 elementor-widget elementor-widget-text-editor\" data-id=\"6e1f3f2\" data-element_type=\"widget\" data-e-type=\"widget\" data-widget_type=\"text-editor.default\">\n\t\t\t\t<div class=\"elementor-widget-container\">\n\t\t\t\t\t\t\t\t\t<p>jantar das 19h \u00e0s 00h<\/p>\t\t\t\t\t\t\t\t<\/div>\n\t\t\t\t<\/div>\n\t\t\t\t<div class=\"elementor-element elementor-element-b219363 elementor-widget elementor-widget-heading\" data-id=\"b219363\" data-element_type=\"widget\" data-e-type=\"widget\" data-widget_type=\"heading.default\">\n\t\t\t\t<div class=\"elementor-widget-container\">\n\t\t\t\t\t<h2 class=\"elementor-heading-title elementor-size-default\">SEXTA E S\u00c1BADO<\/h2>\t\t\t\t<\/div>\n\t\t\t\t<\/div>\n\t\t\t\t<div class=\"elementor-element elementor-element-763595a elementor-widget elementor-widget-text-editor\" data-id=\"763595a\" data-element_type=\"widget\" data-e-type=\"widget\" data-widget_type=\"text-editor.default\">\n\t\t\t\t<div class=\"elementor-widget-container\">\n\t\t\t\t\t\t\t\t\t<p>almo\u00e7o das 12h \u00e0s 15h<br \/>jantar das 19h \u00e0s 00h<\/p>\t\t\t\t\t\t\t\t<\/div>\n\t\t\t\t<\/div>\n\t\t\t\t<div class=\"elementor-element elementor-element-01c8ed2 elementor-widget elementor-widget-heading\" data-id=\"01c8ed2\" data-element_type=\"widget\" data-e-type=\"widget\" data-widget_type=\"heading.default\">\n\t\t\t\t<div class=\"elementor-widget-container\">\n\t\t\t\t\t<h2 class=\"elementor-heading-title elementor-size-default\">RESERVAS<\/h2>\t\t\t\t<\/div>\n\t\t\t\t<\/div>\n\t\t\t\t<div class=\"elementor-element elementor-element-fc762cd elementor-widget__width-initial elementor-widget elementor-widget-html\" data-id=\"fc762cd\" data-element_type=\"widget\" data-e-type=\"widget\" data-widget_type=\"html.default\">\n\t\t\t\t<div class=\"elementor-widget-container\">\n\t\t\t\t\t<iframe \n  src=\"https:\/\/widget.thefork.com\/pt-PT\/4196626a-f156-443c-9188-4e6f53ca4c79?step=date&utm_source=site\"\n  style=\"max-width:500px; width:100%; height:600px; border:0;\"\n  loading=\"lazy\">\n<\/iframe>\t\t\t\t<\/div>\n\t\t\t\t<\/div>\n\t\t\t\t<div class=\"elementor-element elementor-element-17df9ef elementor-hidden-desktop elementor-hidden-tablet elementor-hidden-mobile elementor-widget elementor-widget-html\" data-id=\"17df9ef\" data-element_type=\"widget\" data-e-type=\"widget\" data-widget_type=\"html.default\">\n\t\t\t\t<div class=\"elementor-widget-container\">\n\t\t\t\t\t<div id=\"hors-hydra-a19a936b-9902-4fc0-a61f-2f2a373a6fe5\"><\/div>\n                            <script> var _hors = [['eid', 'hydra-a19a936b-9902-4fc0-a61f-2f2a373a6fe5'], ['tagid', 'hors-hydra-a19a936b-9902-4fc0-a61f-2f2a373a6fe5'], ['width', '100%'], ['height', ''], ['foregroundColor', '#f15a29'], ['backgroundColor', 'transparent'], ['linkColor', '#f15a29'], ['errorColor', ''], ['primaryButtonForegroundColor', '#FFFDE8'], ['primaryButtonBackgroundColor', '#f15a29'], ['secondaryButtonForegroundColor', '#f15a29'], ['secondaryButtonBackgroundColor', '#FFFDE8']]; (function (d, t) { var e = d.createElement(t), s = d.getElementsByTagName(t)[0]; e.src = \"https:\/\/reservation.dish.co\/widget.js\"; s.parentNode.insertBefore(e, s); }(document, 'script'));<\/script>\t\t\t\t<\/div>\n\t\t\t\t<\/div>\n\t\t\t\t\t<\/div>\n\t\t\t\t<\/div>\n\t\t<div class=\"elementor-element elementor-element-09f3f84 e-con-full e-flex e-con e-parent\" data-id=\"09f3f84\" data-element_type=\"container\" data-e-type=\"container\" data-settings=\"{&quot;background_background&quot;:&quot;classic&quot;}\">\n\t\t\t\t<\/div>\n\t\t<div class=\"elementor-element elementor-element-a788eec e-flex e-con-boxed e-con e-parent\" data-id=\"a788eec\" data-element_type=\"container\" data-e-type=\"container\">\n\t\t\t\t\t<div class=\"e-con-inner\">\n\t\t\t\t<div class=\"elementor-element elementor-element-9bb7aba elementor-widget elementor-widget-heading\" data-id=\"9bb7aba\" data-element_type=\"widget\" data-e-type=\"widget\" data-widget_type=\"heading.default\">\n\t\t\t\t<div class=\"elementor-widget-container\">\n\t\t\t\t\t<h2 class=\"elementor-heading-title elementor-size-default\">RUA DA PICARIA N.93 4050-478 - PORTO<\/h2>\t\t\t\t<\/div>\n\t\t\t\t<\/div>\n\t\t\t\t<div class=\"elementor-element elementor-element-ce9a8dc elementor-widget elementor-widget-heading\" data-id=\"ce9a8dc\" data-element_type=\"widget\" data-e-type=\"widget\" data-widget_type=\"heading.default\">\n\t\t\t\t<div class=\"elementor-widget-container\">\n\t\t\t\t\t<h2 class=\"elementor-heading-title elementor-size-default\"><a href=\"mailto:geral@grottu.pt\">GERAL@GROTTU.PT<\/a><\/h2>\t\t\t\t<\/div>\n\t\t\t\t<\/div>\n\t\t\t\t<div class=\"elementor-element elementor-element-bbaf949 elementor-widget elementor-widget-heading\" data-id=\"bbaf949\" data-element_type=\"widget\" data-e-type=\"widget\" data-widget_type=\"heading.default\">\n\t\t\t\t<div class=\"elementor-widget-container\">\n\t\t\t\t\t<h2 class=\"elementor-heading-title elementor-size-default\">+351 962 180 828<\/h2>\t\t\t\t<\/div>\n\t\t\t\t<\/div>\n\t\t\t\t\t<\/div>\n\t\t\t\t<\/div>\n\t\t\t\t<\/div>\n\t\t","protected":false},"excerpt":{"rendered":"<p>A CAVE OF FLAVORS Numa gruta com anjos, o GROTTU nasce no cora\u00e7\u00e3o do Porto, um ref\u00fagio entre pedra e fogo, onde diferentes culturas se cruzam sem hierarquia nem fronteiras. Esculpido pela mem\u00f3ria e pela viagem, este \u00e9 um espa\u00e7o moldado por influ\u00eancias do mundo inteiro, onde o gesto humano transforma a mat\u00e9ria em emo\u00e7\u00e3o. [&hellip;]<\/p>\n","protected":false},"author":1,"featured_media":0,"parent":0,"menu_order":0,"comment_status":"closed","ping_status":"closed","template":"elementor_header_footer","meta":{"footnotes":""},"class_list":["post-10","page","type-page","status-publish","hentry"],"_links":{"self":[{"href":"https:\/\/grottu.pt\/en\/wp-json\/wp\/v2\/pages\/10","targetHints":{"allow":["GET"]}}],"collection":[{"href":"https:\/\/grottu.pt\/en\/wp-json\/wp\/v2\/pages"}],"about":[{"href":"https:\/\/grottu.pt\/en\/wp-json\/wp\/v2\/types\/page"}],"author":[{"embeddable":true,"href":"https:\/\/grottu.pt\/en\/wp-json\/wp\/v2\/users\/1"}],"replies":[{"embeddable":true,"href":"https:\/\/grottu.pt\/en\/wp-json\/wp\/v2\/comments?post=10"}],"version-history":[{"count":91,"href":"https:\/\/grottu.pt\/en\/wp-json\/wp\/v2\/pages\/10\/revisions"}],"predecessor-version":[{"id":564,"href":"https:\/\/grottu.pt\/en\/wp-json\/wp\/v2\/pages\/10\/revisions\/564"}],"wp:attachment":[{"href":"https:\/\/grottu.pt\/en\/wp-json\/wp\/v2\/media?parent=10"}],"curies":[{"name":"wp","href":"https:\/\/api.w.org\/{rel}","templated":true}]}}